{"id":2643,"date":"2024-02-21T09:56:17","date_gmt":"2024-02-21T09:56:17","guid":{"rendered":"https:\/\/rnzggprwoe.cfolks.pl\/?page_id=2643"},"modified":"2024-05-08T11:47:11","modified_gmt":"2024-05-08T11:47:11","slug":"rezerwacja-sprzetu","status":"publish","type":"page","link":"https:\/\/diseco.pl\/?page_id=2643","title":{"rendered":"Rezerwacja sprz\u0119tu"},"content":{"rendered":"\t\t<div data-elementor-type=\"wp-page\" data-elementor-id=\"2643\" class=\"elementor elementor-2643\">\n\t\t\t\t\t\t<section class=\"elementor-section elementor-top-section elementor-element elementor-element-d0893ae elementor-section-boxed elementor-section-height-default elementor-section-height-default\" data-id=\"d0893ae\" data-element_type=\"section\" data-settings=\"{&quot;background_background&quot;:&quot;classic&quot;}\">\n\t\t\t\t\t\t<div class=\"elementor-container elementor-column-gap-default\">\n\t\t\t\t\t<div class=\"elementor-column elementor-col-100 elementor-top-column elementor-element elementor-element-171fc1f\" data-id=\"171fc1f\" data-element_type=\"column\">\n\t\t\t<div class=\"elementor-widget-wrap elementor-element-populated\">\n\t\t\t\t\t\t<div class=\"elementor-element elementor-element-04fa1d8 elementor-invisible elementor-widget elementor-widget-text-editor\" data-id=\"04fa1d8\" data-element_type=\"widget\" data-settings=\"{&quot;_animation&quot;:&quot;fadeIn&quot;}\" data-widget_type=\"text-editor.default\">\n\t\t\t\t<div class=\"elementor-widget-container\">\n\t\t\t<style>\/*! elementor - v3.21.0 - 20-05-2024 *\/\n.elementor-widget-text-editor.elementor-drop-cap-view-stacked .elementor-drop-cap{background-color:#69727d;color:#fff}.elementor-widget-text-editor.elementor-drop-cap-view-framed .elementor-drop-cap{color:#69727d;border:3px solid;background-color:transparent}.elementor-widget-text-editor:not(.elementor-drop-cap-view-default) .elementor-drop-cap{margin-top:8px}.elementor-widget-text-editor:not(.elementor-drop-cap-view-default) .elementor-drop-cap-letter{width:1em;height:1em}.elementor-widget-text-editor .elementor-drop-cap{float:left;text-align:center;line-height:1;font-size:50px}.elementor-widget-text-editor .elementor-drop-cap-letter{display:inline-block}<\/style>\t\t\t\t<p><a href=\"https:\/\/diseco.pl\/\">Strona g\u0142\u00f3wna<\/a> -&gt; Rezerwacja sprz\u0119tu<\/p>\t\t\t\t\t\t<\/div>\n\t\t\t\t<\/div>\n\t\t\t\t<div class=\"elementor-element elementor-element-2f77ce7 elementor-invisible elementor-widget elementor-widget-heading\" data-id=\"2f77ce7\" data-element_type=\"widget\" data-settings=\"{&quot;_animation&quot;:&quot;zoomInRight&quot;,&quot;_animation_delay&quot;:100}\" data-widget_type=\"heading.default\">\n\t\t\t\t<div class=\"elementor-widget-container\">\n\t\t\t<style>\/*! elementor - v3.21.0 - 20-05-2024 *\/\n.elementor-heading-title{padding:0;margin:0;line-height:1}.elementor-widget-heading .elementor-heading-title[class*=elementor-size-]>a{color:inherit;font-size:inherit;line-height:inherit}.elementor-widget-heading .elementor-heading-title.elementor-size-small{font-size:15px}.elementor-widget-heading .elementor-heading-title.elementor-size-medium{font-size:19px}.elementor-widget-heading .elementor-heading-title.elementor-size-large{font-size:29px}.elementor-widget-heading .elementor-heading-title.elementor-size-xl{font-size:39px}.elementor-widget-heading .elementor-heading-title.elementor-size-xxl{font-size:59px}<\/style><h2 class=\"elementor-heading-title elementor-size-default\">Rezerwacja sprz\u0119tu<\/h2>\t\t<\/div>\n\t\t\t\t<\/div>\n\t\t\t\t\t<\/div>\n\t\t<\/div>\n\t\t\t\t\t<\/div>\n\t\t<\/section>\n\t\t\t\t<section class=\"elementor-section elementor-top-section elementor-element elementor-element-525d3d30 elementor-section-boxed elementor-section-height-default elementor-section-height-default\" data-id=\"525d3d30\" data-element_type=\"section\" data-settings=\"{&quot;background_background&quot;:&quot;classic&quot;}\">\n\t\t\t\t\t\t\t<div class=\"elementor-background-overlay\"><\/div>\n\t\t\t\t\t\t\t<div class=\"elementor-container elementor-column-gap-default\">\n\t\t\t\t\t<div class=\"elementor-column elementor-col-100 elementor-top-column elementor-element elementor-element-7482f9e4\" data-id=\"7482f9e4\" data-element_type=\"column\">\n\t\t\t<div class=\"elementor-widget-wrap elementor-element-populated\">\n\t\t\t\t\t\t<div class=\"elementor-element elementor-element-16051a7d elementor-invisible elementor-widget elementor-widget-heading\" data-id=\"16051a7d\" data-element_type=\"widget\" data-settings=\"{&quot;_animation&quot;:&quot;zoomInRight&quot;,&quot;_animation_delay&quot;:100}\" data-widget_type=\"heading.default\">\n\t\t\t\t<div class=\"elementor-widget-container\">\n\t\t\t<h1 class=\"elementor-heading-title elementor-size-default\">Zarezerwuj sw\u00f3j sprz\u0119t<\/h1>\t\t<\/div>\n\t\t\t\t<\/div>\n\t\t\t\t<div class=\"elementor-element elementor-element-5469496a elementor-invisible elementor-widget elementor-widget-text-editor\" data-id=\"5469496a\" data-element_type=\"widget\" data-settings=\"{&quot;_animation&quot;:&quot;fadeIn&quot;}\" data-widget_type=\"text-editor.default\">\n\t\t\t\t<div class=\"elementor-widget-container\">\n\t\t\t\t\t\t\t<p>W celu uzyskania bardziej szczeg\u00f3\u0142owych informacji prosimy o <a href=\"https:\/\/diseco.pl\/#kontakt\">kontakt.<\/a><\/p>\t\t\t\t\t\t<\/div>\n\t\t\t\t<\/div>\n\t\t\t\t<div class=\"elementor-element elementor-element-6671292d elementor-widget elementor-widget-shortcode\" data-id=\"6671292d\" data-element_type=\"widget\" data-widget_type=\"shortcode.default\">\n\t\t\t\t<div class=\"elementor-widget-container\">\n\t\t\t\t\t<div class=\"elementor-shortcode\"> <div id=\"form_id122589381024\"  class=\"wpbc_container wpbc_container_booking_form  wpdevelop \" ><form  id=\"booking_form1\"   class=\"booking_form vertical\" method=\"post\" action=\"\"><div id=\"ajax_respond_insert1\" class=\"ajax_respond_insert\" style=\"display:none;\"><\/div><a name=\"bklnk1\" id=\"bklnk1\"><\/a><div id=\"booking_form_div1\" class=\"booking_form_div\"><div class=\"wpbc_booking_form_structure wpbc_form_right\">\n  <div class=\"wpbc_structure_calendar\">\n    <div class=\"wpbc_calendar_wraper wpbc_change_over_triangle\"><div class=\"bk_calendar_frame wpbc_no_custom_width  months_num_in_row_ cal_month_num_1\" style=\"\"><div id=\"calendar_booking1\">Wczytuj\u0119 kalendarz...<\/div><\/div><div style=\"font-size:7px;text-align:left;margin:0 0 10px;text-shadow: none;\">Powered by <a href=\"https:\/\/wpbookingcalendar.com\" target=\"_blank\" title=\"Booking Calendar plugin for WordPress\">Booking Calendar<\/a><\/div><textarea id=\"date_booking1\" name=\"date_booking1\" autocomplete=\"off\" style=\"display:none;\"><\/textarea><div class=\"block_hints datepick \"><div class=\"wpdev_hint_with_text\"><div class=\"block_free datepick-days-cell\"><a>&nbsp;<\/a><\/div><div class=\"block_text\">- <\/div><div class=\"block_text\">Dost\u0119pne<\/div><\/div><div class=\"wpdev_hint_with_text\"><div class=\"block_booked date_approved\">&nbsp;<\/div><div class=\"block_text\">- <\/div><div class=\"block_text\">Zarezerwowano<\/div><\/div><div class=\"wpdev_hint_with_text\"><div class=\"block_pending date2approve\">&nbsp;<\/div><div class=\"block_text\">- <\/div><div class=\"block_text\">Oczekuj\u0105ce<\/div><\/div><\/div><\/div>\n  <\/div>\n  <div class=\"wpbc_structure_form\">\n  <div class=\"form-group wpbc-form-element-select wpbc-form-element-rangetime\">  <label for=\"rangetime1\" class=\"control-label\">Godziny*:<\/label>   <div class=\"controls\">   <select name=\"rangetime1\" id=\"rangetime1\" class=\"input-xlarge wpdev-validates-as-required\" >  <option value=\"09:00 - 10:00\" >9:00 - 10:00<\/option>  <option value=\"10:00 - 11:00\" >10:00 - 11:00<\/option>  <option value=\"11:00 - 12:00\" >11:00 - 12:00<\/option>  <option value=\"12:00 - 13:00\" >12:00 - 13:00<\/option>  <option value=\"13:00 - 14:00\" >13:00 - 14:00<\/option>  <option value=\"14:00 - 15:00\" >14:00 - 15:00<\/option>  <option value=\"15:00 - 16:00\" >15:00 - 16:00<\/option>  <option value=\"16:00 - 17:00\" >16:00 - 17:00<\/option>  <option value=\"17:00 - 18:00\" >17:00 - 18:00<\/option>  <option value=\"18:00 - 19:00\" >18:00 - 19:00<\/option>  <option value=\"00:00 - 24:00\" >Ca\u0142y dzie\u0144<\/option>     <\/select><\/div><\/div>  <div class=\"form-group wpbc-form-element-text wpbc-form-element-name\">  <label for=\"name1\" class=\"control-label\">Imi\u0119*:<\/label>   <div class=\"controls\">   <input type=\"text\" name=\"name1\" id=\"name1\" class=\"input-xlarge wpdev-validates-as-required\" \/><\/div><\/div>  <div class=\"form-group wpbc-form-element-text wpbc-form-element-secondname\">  <label for=\"secondname1\" class=\"control-label\">Nazwisko*:<\/label>   <div class=\"controls\">   <input type=\"text\" name=\"secondname1\" id=\"secondname1\" class=\"input-xlarge wpdev-validates-as-required\" \/><\/div><\/div>  <div class=\"form-group wpbc-form-element-email wpbc-form-element-email\">  <label for=\"email1\" class=\"control-label\">Email*:<\/label>   <div class=\"controls\">   <input type=\"text\" name=\"email1\" id=\"email1\" class=\"input-xlarge wpdev-validates-as-email wpdev-validates-as-required wpdev-validates-as-required\" \/><\/div><\/div>  <div class=\"form-group wpbc-form-element-text wpbc-form-element-phone\">  <label for=\"phone1\" class=\"control-label\">Telefon*:<\/label>   <div class=\"controls\">   <input type=\"text\" name=\"phone1\" id=\"phone1\" class=\"input-xlarge wpdev-validates-as-required\" \/><\/div><\/div>  <div class=\"form-group wpbc-form-element-select wpbc-form-element-rodzajsprztu\">  <label for=\"rodzajsprztu1\" class=\"control-label\">Rodzaj sprz\u0119tu*:<\/label>   <div class=\"controls\">   <select name=\"rodzajsprztu1\" id=\"rodzajsprztu1\" class=\"input-xlarge wpdev-validates-as-required\" >  <option value=\"Koparka\" >Koparka<\/option>  <option value=\"Laweta\" >Laweta<\/option>  <option value=\"Kompresor\" >Kompresor<\/option>     <\/select><\/div><\/div>  <div class=\"form-group wpbc-form-element-textarea wpbc-form-element-details\">  <label for=\"details1\" class=\"control-label\">Szczeg\u00f3\u0142y:<\/label>   <div class=\"controls\">   <textarea  rows=\"3\" name=\"details1\" id=\"details1\" class=\"input-xlarge\" ><\/textarea><\/div><\/div><div class=\"form-group\"><\/div>\n<div class=\"form-group\"><button class=\"wpbc_button_light\" type=\"button\" onclick=\"mybooking_submit(this.form,1,'pl_PL');\" >Wy\u015blij<\/button><\/div>\n  <\/div>\n<\/div>\n<div class=\"wpbc_booking_form_footer\"><\/div><input id=\"bk_type1\" name=\"bk_type1\" class=\"\" type=\"hidden\" value=\"1\" \/><\/div><div id=\"submiting1\"><\/div><div class=\"form_bk_messages\" id=\"form_bk_messages1\" ><\/div><input type=\"hidden\" id=\"wpbc_nonceCALCULATE_THE_COST1\" name=\"wpbc_nonceCALCULATE_THE_COST1\" value=\"7d9414f374\" \/><input type=\"hidden\" name=\"_wp_http_referer\" value=\"\/index.php?rest_route=%2Fwp%2Fv2%2Fpages%2F2643\" \/><\/form><\/div><div id=\"booking_form_garbage1\" class=\"booking_form_garbage\"><\/div><script type=\"text\/javascript\">\n                                jQuery(document).ready( function(){\n                                    jQuery(\".widget_wpdev_booking .booking_form.form-horizontal\").removeClass(\"form-horizontal\");\n                                    var visible_booking_id_on_page_num = visible_booking_id_on_page.length;\n                                    if (visible_booking_id_on_page_num !== null ) {\n                                        for (var i=0;i< visible_booking_id_on_page_num ;i++){\n                                          if ( visible_booking_id_on_page[i]==\"booking_form_div1\" ) {\n                                              document.getElementById(\"form_id122589381024\").innerHTML = \"<span style='color:#A00;font-size:10px;'>Uwaga! Kalendarz rezerwacji dla tego zasobu rezerwacji jest ju\u017c na stronie, sprawd\u017a wi\u0119cej na ten temat tutaj: https:\/\/wpbookingcalendar.com\/faq\/why-the-booking-calendar-widget-not-show-on-page\/<\/span>\";                                                                                                  \n                                              jQuery(\"#form_id122589381024\").animate( {opacity: 1}, 10000 ).fadeOut(5000);\n                                              return;\n                                          }\n                                        }\n                                        visible_booking_id_on_page[ visible_booking_id_on_page_num ]=\"booking_form_div1\";\n                                    }\n                                });\n                            <\/script> <script type='text\/javascript'> jQuery(document).ready( function(){  _wpbc.balancer__set_max_threads( 3 );  _wpbc.calendar__set_param_value( 1 , 'calendar_scroll_to' , false );  _wpbc.calendar__set_param_value( 1 , 'booking_max_monthes_in_calendar' , '2y' );  _wpbc.calendar__set_param_value( 1 , 'booking_start_day_weeek' , '0' );  _wpbc.calendar__set_param_value( 1 , 'calendar_number_of_months' , '1' );   _wpbc.calendar__set_param_value( 1, 'days_select_mode', 'multiple' );   _wpbc.calendar__set_param_value( 1, 'fixed__days_num', 0 );   _wpbc.calendar__set_param_value( 1, 'fixed__week_days__start',   [] );   _wpbc.calendar__set_param_value( 1, 'dynamic__days_min', 0 );   _wpbc.calendar__set_param_value( 1, 'dynamic__days_max', 0 );   _wpbc.calendar__set_param_value( 1, 'dynamic__days_specific',    [] );   _wpbc.calendar__set_param_value( 1, 'dynamic__week_days__start', [] );   _wpbc.calendar__set_param_value( 1, 'booking_date_format', 'F j, Y' );   _wpbc.calendar__set_param_value( 1, 'booking_time_format', 'g:i a' );  _wpbc.set_other_param( 'message_dates_times_unavailable', 'These dates and times in this calendar are already booked or unavailable.' );  _wpbc.set_other_param( 'message_choose_alternative_dates', 'Please choose alternative date(s), times, or adjust the number of slots booked.' );  _wpbc.set_other_param( 'message_cannot_save_in_one_resource', 'It is not possible to store this sequence of the dates into the one same resource.' );   if ( 'function' === typeof ( wpbc__conditions__SAVE_INITIAL__days_selection_params__bm ) ){ wpbc__conditions__SAVE_INITIAL__days_selection_params__bm( 1 ); }   wpbc_calendar_show( '1' );   _wpbc.set_secure_param( 'nonce',   '3182243496' );   _wpbc.set_secure_param( 'user_id', '0' );   _wpbc.set_secure_param( 'locale',  'pl_PL' );  wpbc_calendar__load_data__ajx( {\"resource_id\":1,\"booking_hash\":\"\",\"request_uri\":\"\\\/index.php?rest_route=%2Fwp%2Fv2%2Fpages%2F2643\",\"custom_form\":\"standard\",\"aggregate_resource_id_str\":\"\",\"aggregate_type\":\"all\"} );  } ); <\/script><\/div>\n\t\t\t\t<\/div>\n\t\t\t\t<\/div>\n\t\t\t\t\t<\/div>\n\t\t<\/div>\n\t\t\t\t\t<\/div>\n\t\t<\/section>\n\t\t\t\t<\/div>\n\t\t","protected":false},"excerpt":{"rendered":"<p>Strona g\u0142\u00f3wna -&gt; Rezerwacja sprz\u0119tu Rezerwacja sprz\u0119tu Zarezerwuj sw\u00f3j sprz\u0119t W celu uzyskania bardziej szczeg\u00f3\u0142owych informacji prosimy o kontakt.<\/p>\n<div class=\"pvc_clear\"><\/div>\n<p id=\"pvc_stats_2643\" class=\"pvc_stats all  \" data-element-id=\"2643\" style=\"\"><i class=\"pvc-stats-icon medium\" aria-hidden=\"true\"><svg aria-hidden=\"true\" focusable=\"false\" data-prefix=\"far\" data-icon=\"chart-bar\" role=\"img\" xmlns=\"http:\/\/www.w3.org\/2000\/svg\" viewBox=\"0 0 512 512\" class=\"svg-inline--fa fa-chart-bar fa-w-16 fa-2x\"><path fill=\"currentColor\" d=\"M396.8 352h22.4c6.4 0 12.8-6.4 12.8-12.8V108.8c0-6.4-6.4-12.8-12.8-12.8h-22.4c-6.4 0-12.8 6.4-12.8 12.8v230.4c0 6.4 6.4 12.8 12.8 12.8zm-192 0h22.4c6.4 0 12.8-6.4 12.8-12.8V140.8c0-6.4-6.4-12.8-12.8-12.8h-22.4c-6.4 0-12.8 6.4-12.8 12.8v198.4c0 6.4 6.4 12.8 12.8 12.8zm96 0h22.4c6.4 0 12.8-6.4 12.8-12.8V204.8c0-6.4-6.4-12.8-12.8-12.8h-22.4c-6.4 0-12.8 6.4-12.8 12.8v134.4c0 6.4 6.4 12.8 12.8 12.8zM496 400H48V80c0-8.84-7.16-16-16-16H16C7.16 64 0 71.16 0 80v336c0 17.67 14.33 32 32 32h464c8.84 0 16-7.16 16-16v-16c0-8.84-7.16-16-16-16zm-387.2-48h22.4c6.4 0 12.8-6.4 12.8-12.8v-70.4c0-6.4-6.4-12.8-12.8-12.8h-22.4c-6.4 0-12.8 6.4-12.8 12.8v70.4c0 6.4 6.4 12.8 12.8 12.8z\" class=\"\"><\/path><\/svg><\/i> <img decoding=\"async\" width=\"16\" height=\"16\" alt=\"Loading\" src=\"https:\/\/diseco.pl\/wp-content\/plugins\/page-views-count\/ajax-loader-2x.gif\" border=0 \/><\/p>\n<div class=\"pvc_clear\"><\/div>\n","protected":false},"author":1,"featured_media":0,"parent":0,"menu_order":0,"comment_status":"closed","ping_status":"closed","template":"elementor_header_footer","meta":{"footnotes":""},"class_list":["post-2643","page","type-page","status-publish","hentry"],"yoast_head":"<!-- This site is optimized with the Yoast SEO plugin v22.7 - https:\/\/yoast.com\/wordpress\/plugins\/seo\/ -->\n<title>Rezerwacja sprz\u0119tu do prac w terenie - Diseco<\/title>\n<meta name=\"description\" content=\"Oferujemy szeroki wyb\u00f3r kompresor\u00f3w, lawet i koparek do wynaj\u0119cia, dostosowanych do Twoich potrzeb i termin\u00f3w.\" \/>\n<meta name=\"robots\" content=\"index, follow, max-snippet:-1, max-image-preview:large, max-video-preview:-1\" \/>\n<link rel=\"canonical\" href=\"https:\/\/diseco.pl\/?page_id=2643\" \/>\n<meta property=\"og:locale\" content=\"pl_PL\" \/>\n<meta property=\"og:type\" content=\"article\" \/>\n<meta property=\"og:title\" content=\"Rezerwacja sprz\u0119tu do prac w terenie - Diseco\" \/>\n<meta property=\"og:description\" content=\"Oferujemy szeroki wyb\u00f3r kompresor\u00f3w, lawet i koparek do wynaj\u0119cia, dostosowanych do Twoich potrzeb i termin\u00f3w.\" \/>\n<meta property=\"og:url\" content=\"https:\/\/diseco.pl\/?page_id=2643\" \/>\n<meta property=\"og:site_name\" content=\"Diseco\" \/>\n<meta property=\"article:publisher\" content=\"https:\/\/www.facebook.com\/profile.php?id=100092376052587\" \/>\n<meta property=\"article:modified_time\" content=\"2024-05-08T11:47:11+00:00\" \/>\n<meta property=\"og:image\" content=\"https:\/\/diseco.pl\/wp-content\/uploads\/2024\/05\/104786.jpg\" \/>\n\t<meta property=\"og:image:width\" content=\"1500\" \/>\n\t<meta property=\"og:image:height\" content=\"1000\" \/>\n\t<meta property=\"og:image:type\" content=\"image\/jpeg\" \/>\n<meta name=\"twitter:card\" content=\"summary_large_image\" \/>\n<meta name=\"twitter:title\" content=\"Rezerwacja sprz\u0119tu do prac w terenie - Diseco\" \/>\n<meta name=\"twitter:description\" content=\"Oferujemy szeroki wyb\u00f3r kompresor\u00f3w, lawet i koparek do wynaj\u0119cia, dostosowanych do Twoich potrzeb i termin\u00f3w.\" \/>\n<meta name=\"twitter:image\" content=\"https:\/\/diseco.pl\/wp-content\/uploads\/2024\/05\/104786.jpg\" \/>\n<meta name=\"twitter:label1\" content=\"Szacowany czas czytania\" \/>\n\t<meta name=\"twitter:data1\" content=\"1 minuta\" \/>\n<script type=\"application\/ld+json\" class=\"yoast-schema-graph\">{\"@context\":\"https:\/\/schema.org\",\"@graph\":[{\"@type\":\"WebPage\",\"@id\":\"https:\/\/diseco.pl\/?page_id=2643\",\"url\":\"https:\/\/diseco.pl\/?page_id=2643\",\"name\":\"Rezerwacja sprz\u0119tu do prac w terenie - Diseco\",\"isPartOf\":{\"@id\":\"https:\/\/diseco.pl\/#website\"},\"datePublished\":\"2024-02-21T09:56:17+00:00\",\"dateModified\":\"2024-05-08T11:47:11+00:00\",\"description\":\"Oferujemy szeroki wyb\u00f3r kompresor\u00f3w, lawet i koparek do wynaj\u0119cia, dostosowanych do Twoich potrzeb i termin\u00f3w.\",\"breadcrumb\":{\"@id\":\"https:\/\/diseco.pl\/?page_id=2643#breadcrumb\"},\"inLanguage\":\"pl-PL\",\"potentialAction\":[{\"@type\":\"ReadAction\",\"target\":[\"https:\/\/diseco.pl\/?page_id=2643\"]}]},{\"@type\":\"BreadcrumbList\",\"@id\":\"https:\/\/diseco.pl\/?page_id=2643#breadcrumb\",\"itemListElement\":[{\"@type\":\"ListItem\",\"position\":1,\"name\":\"Strona g\u0142\u00f3wna\",\"item\":\"https:\/\/diseco.pl\/\"},{\"@type\":\"ListItem\",\"position\":2,\"name\":\"Rezerwacja sprz\u0119tu\"}]},{\"@type\":\"WebSite\",\"@id\":\"https:\/\/diseco.pl\/#website\",\"url\":\"https:\/\/diseco.pl\/\",\"name\":\"Diseco\",\"description\":\"\",\"publisher\":{\"@id\":\"https:\/\/diseco.pl\/#organization\"},\"potentialAction\":[{\"@type\":\"SearchAction\",\"target\":{\"@type\":\"EntryPoint\",\"urlTemplate\":\"https:\/\/diseco.pl\/?s={search_term_string}\"},\"query-input\":\"required name=search_term_string\"}],\"inLanguage\":\"pl-PL\"},{\"@type\":\"Organization\",\"@id\":\"https:\/\/diseco.pl\/#organization\",\"name\":\"Centrum Rehabilitacji Dzieci PROGRESS\",\"url\":\"https:\/\/diseco.pl\/\",\"logo\":{\"@type\":\"ImageObject\",\"inLanguage\":\"pl-PL\",\"@id\":\"https:\/\/diseco.pl\/#\/schema\/logo\/image\/\",\"url\":\"https:\/\/diseco.pl\/wp-content\/uploads\/2024\/04\/diseco_logo_99-removebg-preview.png\",\"contentUrl\":\"https:\/\/diseco.pl\/wp-content\/uploads\/2024\/04\/diseco_logo_99-removebg-preview.png\",\"width\":960,\"height\":260,\"caption\":\"Centrum Rehabilitacji Dzieci PROGRESS\"},\"image\":{\"@id\":\"https:\/\/diseco.pl\/#\/schema\/logo\/image\/\"},\"sameAs\":[\"https:\/\/www.facebook.com\/profile.php?id=100092376052587\"]}]}<\/script>\n<!-- \/ Yoast SEO plugin. -->","yoast_head_json":{"title":"Rezerwacja sprz\u0119tu do prac w terenie - Diseco","description":"Oferujemy szeroki wyb\u00f3r kompresor\u00f3w, lawet i koparek do wynaj\u0119cia, dostosowanych do Twoich potrzeb i termin\u00f3w.","robots":{"index":"index","follow":"follow","max-snippet":"max-snippet:-1","max-image-preview":"max-image-preview:large","max-video-preview":"max-video-preview:-1"},"canonical":"https:\/\/diseco.pl\/?page_id=2643","og_locale":"pl_PL","og_type":"article","og_title":"Rezerwacja sprz\u0119tu do prac w terenie - Diseco","og_description":"Oferujemy szeroki wyb\u00f3r kompresor\u00f3w, lawet i koparek do wynaj\u0119cia, dostosowanych do Twoich potrzeb i termin\u00f3w.","og_url":"https:\/\/diseco.pl\/?page_id=2643","og_site_name":"Diseco","article_publisher":"https:\/\/www.facebook.com\/profile.php?id=100092376052587","article_modified_time":"2024-05-08T11:47:11+00:00","og_image":[{"width":1500,"height":1000,"url":"https:\/\/diseco.pl\/wp-content\/uploads\/2024\/05\/104786.jpg","type":"image\/jpeg"}],"twitter_card":"summary_large_image","twitter_title":"Rezerwacja sprz\u0119tu do prac w terenie - Diseco","twitter_description":"Oferujemy szeroki wyb\u00f3r kompresor\u00f3w, lawet i koparek do wynaj\u0119cia, dostosowanych do Twoich potrzeb i termin\u00f3w.","twitter_image":"https:\/\/diseco.pl\/wp-content\/uploads\/2024\/05\/104786.jpg","twitter_misc":{"Szacowany czas czytania":"1 minuta"},"schema":{"@context":"https:\/\/schema.org","@graph":[{"@type":"WebPage","@id":"https:\/\/diseco.pl\/?page_id=2643","url":"https:\/\/diseco.pl\/?page_id=2643","name":"Rezerwacja sprz\u0119tu do prac w terenie - Diseco","isPartOf":{"@id":"https:\/\/diseco.pl\/#website"},"datePublished":"2024-02-21T09:56:17+00:00","dateModified":"2024-05-08T11:47:11+00:00","description":"Oferujemy szeroki wyb\u00f3r kompresor\u00f3w, lawet i koparek do wynaj\u0119cia, dostosowanych do Twoich potrzeb i termin\u00f3w.","breadcrumb":{"@id":"https:\/\/diseco.pl\/?page_id=2643#breadcrumb"},"inLanguage":"pl-PL","potentialAction":[{"@type":"ReadAction","target":["https:\/\/diseco.pl\/?page_id=2643"]}]},{"@type":"BreadcrumbList","@id":"https:\/\/diseco.pl\/?page_id=2643#breadcrumb","itemListElement":[{"@type":"ListItem","position":1,"name":"Strona g\u0142\u00f3wna","item":"https:\/\/diseco.pl\/"},{"@type":"ListItem","position":2,"name":"Rezerwacja sprz\u0119tu"}]},{"@type":"WebSite","@id":"https:\/\/diseco.pl\/#website","url":"https:\/\/diseco.pl\/","name":"Diseco","description":"","publisher":{"@id":"https:\/\/diseco.pl\/#organization"},"potentialAction":[{"@type":"SearchAction","target":{"@type":"EntryPoint","urlTemplate":"https:\/\/diseco.pl\/?s={search_term_string}"},"query-input":"required name=search_term_string"}],"inLanguage":"pl-PL"},{"@type":"Organization","@id":"https:\/\/diseco.pl\/#organization","name":"Centrum Rehabilitacji Dzieci PROGRESS","url":"https:\/\/diseco.pl\/","logo":{"@type":"ImageObject","inLanguage":"pl-PL","@id":"https:\/\/diseco.pl\/#\/schema\/logo\/image\/","url":"https:\/\/diseco.pl\/wp-content\/uploads\/2024\/04\/diseco_logo_99-removebg-preview.png","contentUrl":"https:\/\/diseco.pl\/wp-content\/uploads\/2024\/04\/diseco_logo_99-removebg-preview.png","width":960,"height":260,"caption":"Centrum Rehabilitacji Dzieci PROGRESS"},"image":{"@id":"https:\/\/diseco.pl\/#\/schema\/logo\/image\/"},"sameAs":["https:\/\/www.facebook.com\/profile.php?id=100092376052587"]}]}},"_links":{"self":[{"href":"https:\/\/diseco.pl\/index.php?rest_route=\/wp\/v2\/pages\/2643"}],"collection":[{"href":"https:\/\/diseco.pl\/index.php?rest_route=\/wp\/v2\/pages"}],"about":[{"href":"https:\/\/diseco.pl\/index.php?rest_route=\/wp\/v2\/types\/page"}],"author":[{"embeddable":true,"href":"https:\/\/diseco.pl\/index.php?rest_route=\/wp\/v2\/users\/1"}],"replies":[{"embeddable":true,"href":"https:\/\/diseco.pl\/index.php?rest_route=%2Fwp%2Fv2%2Fcomments&post=2643"}],"version-history":[{"count":17,"href":"https:\/\/diseco.pl\/index.php?rest_route=\/wp\/v2\/pages\/2643\/revisions"}],"predecessor-version":[{"id":3395,"href":"https:\/\/diseco.pl\/index.php?rest_route=\/wp\/v2\/pages\/2643\/revisions\/3395"}],"wp:attachment":[{"href":"https:\/\/diseco.pl\/index.php?rest_route=%2Fwp%2Fv2%2Fmedia&parent=2643"}],"curies":[{"name":"wp","href":"https:\/\/api.w.org\/{rel}","templated":true}]}}